{"id":702,"date":"2023-09-11T17:51:28","date_gmt":"2023-09-11T15:51:28","guid":{"rendered":"https:\/\/cedricmabyre.com\/?page_id=702"},"modified":"2025-07-29T17:32:38","modified_gmt":"2025-07-29T15:32:38","slug":"qui-suis-je","status":"publish","type":"page","link":"https:\/\/cedricmabyre.com\/index.php\/qui-suis-je\/","title":{"rendered":"Qui suis-je ?"},"content":{"rendered":"\t\t<div data-elementor-type=\"wp-page\" data-elementor-id=\"702\" class=\"elementor elementor-702\" data-elementor-post-type=\"page\">\n\t\t\t\t\t\t<section class=\"elementor-section elementor-top-section elementor-element elementor-element-11e201a elementor-section-boxed elementor-section-height-default elementor-section-height-default\" data-id=\"11e201a\" data-element_type=\"section\" data-e-type=\"section\" data-settings=\"{&quot;background_background&quot;:&quot;slideshow&quot;,&quot;background_slideshow_gallery&quot;:[{&quot;id&quot;:722,&quot;url&quot;:&quot;http:\\\/\\\/cedricmabyre.com\\\/wp-content\\\/uploads\\\/2023\\\/09\\\/ashley-batz-betmVWGYcLY-unsplash-scaled-e1694780907994.jpg&quot;}],&quot;background_slideshow_ken_burns&quot;:&quot;yes&quot;,&quot;background_slideshow_ken_burns_zoom_direction&quot;:&quot;out&quot;,&quot;shape_divider_bottom&quot;:&quot;curve&quot;,&quot;background_slideshow_loop&quot;:&quot;yes&quot;,&quot;background_slideshow_slide_duration&quot;:5000,&quot;background_slideshow_slide_transition&quot;:&quot;fade&quot;,&quot;background_slideshow_transition_duration&quot;:500}\">\n\t\t\t\t\t\t\t<div class=\"elementor-background-overlay\"><\/div>\n\t\t\t\t\t\t<div class=\"elementor-shape elementor-shape-bottom\" aria-hidden=\"true\" data-negative=\"false\">\n\t\t\t<svg xmlns=\"http:\/\/www.w3.org\/2000\/svg\" viewBox=\"0 0 1000 100\" preserveAspectRatio=\"none\">\n    <path class=\"elementor-shape-fill\" d=\"M1000,4.3V0H0v4.3C0.9,23.1,126.7,99.2,500,100S1000,22.7,1000,4.3z\"\/>\n<\/svg>\t\t<\/div>\n\t\t\t\t\t<div class=\"elementor-container elementor-column-gap-default\">\n\t\t\t\t\t<div class=\"elementor-column elementor-col-100 elementor-top-column elementor-element elementor-element-3335f75\" data-id=\"3335f75\" data-element_type=\"column\" data-e-type=\"column\">\n\t\t\t<div class=\"elementor-widget-wrap elementor-element-populated\">\n\t\t\t\t\t\t\t<\/div>\n\t\t<\/div>\n\t\t\t\t\t<\/div>\n\t\t<\/section>\n\t\t\t\t<section class=\"elementor-section elementor-top-section elementor-element elementor-element-9da39da elementor-section-boxed elementor-section-height-default elementor-section-height-default\" data-id=\"9da39da\" data-element_type=\"section\" data-e-type=\"section\" data-settings=\"{&quot;background_background&quot;:&quot;classic&quot;}\">\n\t\t\t\t\t\t<div class=\"elementor-container elementor-column-gap-default\">\n\t\t\t\t\t<div class=\"elementor-column elementor-col-100 elementor-top-column elementor-element elementor-element-29d1200\" data-id=\"29d1200\" data-element_type=\"column\" data-e-type=\"column\">\n\t\t\t<div class=\"elementor-widget-wrap elementor-element-populated\">\n\t\t\t\t\t\t<div class=\"elementor-element elementor-element-b8a71a1 elementor-invisible elementor-widget elementor-widget-heading\" data-id=\"b8a71a1\" data-element_type=\"widget\" data-e-type=\"widget\" data-settings=\"{&quot;_animation&quot;:&quot;fadeInRight&quot;}\" data-widget_type=\"heading.default\">\n\t\t\t\t<div class=\"elementor-widget-container\">\n\t\t\t\t\t<h2 class=\"elementor-heading-title elementor-size-default\">Mon parcours<br>\nvers<br> l'Autonomie de Gu\u00e9rison<\/h2>\t\t\t\t<\/div>\n\t\t\t\t<\/div>\n\t\t\t\t<div class=\"elementor-element elementor-element-e9bb1cf elementor-widget elementor-widget-image\" data-id=\"e9bb1cf\" data-element_type=\"widget\" data-e-type=\"widget\" data-widget_type=\"image.default\">\n\t\t\t\t<div class=\"elementor-widget-container\">\n\t\t\t\t\t\t\t\t\t\t\t\t\t\t\t<img fetchpriority=\"high\" decoding=\"async\" width=\"1024\" height=\"858\" src=\"https:\/\/cedricmabyre.com\/wp-content\/uploads\/2023\/09\/Logo-Emilie-et-Cedric-1-2-1024x858.png\" class=\"attachment-large size-large wp-image-726\" alt=\"\" srcset=\"https:\/\/cedricmabyre.com\/wp-content\/uploads\/2023\/09\/Logo-Emilie-et-Cedric-1-2-1024x858.png 1024w, https:\/\/cedricmabyre.com\/wp-content\/uploads\/2023\/09\/Logo-Emilie-et-Cedric-1-2-600x503.png 600w, https:\/\/cedricmabyre.com\/wp-content\/uploads\/2023\/09\/Logo-Emilie-et-Cedric-1-2-300x251.png 300w, https:\/\/cedricmabyre.com\/wp-content\/uploads\/2023\/09\/Logo-Emilie-et-Cedric-1-2-768x644.png 768w, https:\/\/cedricmabyre.com\/wp-content\/uploads\/2023\/09\/Logo-Emilie-et-Cedric-1-2-1536x1288.png 1536w, https:\/\/cedricmabyre.com\/wp-content\/uploads\/2023\/09\/Logo-Emilie-et-Cedric-1-2-2048x1717.png 2048w\" sizes=\"(max-width: 1024px) 100vw, 1024px\" \/>\t\t\t\t\t\t\t\t\t\t\t\t\t\t\t<\/div>\n\t\t\t\t<\/div>\n\t\t\t\t\t<\/div>\n\t\t<\/div>\n\t\t\t\t\t<\/div>\n\t\t<\/section>\n\t\t\t\t<section class=\"elementor-section elementor-top-section elementor-element elementor-element-c38e23d elementor-section-boxed elementor-section-height-default elementor-section-height-default\" data-id=\"c38e23d\" data-element_type=\"section\" data-e-type=\"section\" data-settings=\"{&quot;background_background&quot;:&quot;classic&quot;,&quot;shape_divider_bottom&quot;:&quot;waves&quot;}\">\n\t\t\t\t\t\t\t<div class=\"elementor-background-overlay\"><\/div>\n\t\t\t\t\t\t<div class=\"elementor-shape elementor-shape-bottom\" aria-hidden=\"true\" data-negative=\"false\">\n\t\t\t<svg xmlns=\"http:\/\/www.w3.org\/2000\/svg\" viewBox=\"0 0 1000 100\" preserveAspectRatio=\"none\">\n\t<path class=\"elementor-shape-fill\" d=\"M421.9,6.5c22.6-2.5,51.5,0.4,75.5,5.3c23.6,4.9,70.9,23.5,100.5,35.7c75.8,32.2,133.7,44.5,192.6,49.7\n\tc23.6,2.1,48.7,3.5,103.4-2.5c54.7-6,106.2-25.6,106.2-25.6V0H0v30.3c0,0,72,32.6,158.4,30.5c39.2-0.7,92.8-6.7,134-22.4\n\tc21.2-8.1,52.2-18.2,79.7-24.2C399.3,7.9,411.6,7.5,421.9,6.5z\"\/>\n<\/svg>\t\t<\/div>\n\t\t\t\t\t<div class=\"elementor-container elementor-column-gap-default\">\n\t\t\t\t\t<div class=\"elementor-column elementor-col-100 elementor-top-column elementor-element elementor-element-cca9579\" data-id=\"cca9579\" data-element_type=\"column\" data-e-type=\"column\">\n\t\t\t<div class=\"elementor-widget-wrap elementor-element-populated\">\n\t\t\t\t\t\t<div class=\"elementor-element elementor-element-ea423dc animated-slow elementor-invisible elementor-widget elementor-widget-text-editor\" data-id=\"ea423dc\" data-element_type=\"widget\" data-e-type=\"widget\" data-settings=\"{&quot;_animation&quot;:&quot;fadeInDown&quot;}\" data-widget_type=\"text-editor.default\">\n\t\t\t\t<div class=\"elementor-widget-container\">\n\t\t\t\t\t\t\t\t\t<p><strong data-start=\"580\" data-end=\"671\">Gu\u00e9risseur de l\u2019\u00c2me\u00a0<\/strong><\/p><p data-start=\"673\" data-end=\"980\">N\u00e9 dans les ann\u00e9es 80 en r\u00e9gion parisienne, j\u2019ai grandi avec une grande sensibilit\u00e9 et la conviction de ne pas avoir de limites. Comme beaucoup d\u2019enfants aux multi-potentiels, mes d\u00e9buts furent marqu\u00e9s par le tumulte int\u00e9rieur, l\u2019incompr\u00e9hension du monde qui m&rsquo;entoure et une qu\u00eate de sens d\u00e9bordante.<\/p><p data-start=\"982\" data-end=\"1391\">J\u2019ai explor\u00e9 de nombreux m\u00e9tiers \u2013 chef d\u2019atelier, photographe, artisan du b\u00e2timent, cordiste \u2013 \u00e0 la recherche de ma voie, jusqu\u2019au jour o\u00f9 un <strong data-start=\"1125\" data-end=\"1143\">accident grave<\/strong> a boulevers\u00e9 mon existence. Sur mon chemin est apparu un homme qui m\u2019a gu\u00e9ri\u2026 sans me toucher. Ce fut le point de bascule. Moi, l\u2019homme rationnel et cart\u00e9sien, j\u2019ai d\u00fb reconna\u00eetre l\u2019existence d\u2019une r\u00e9alit\u00e9 plus vaste, invisible, mais bien vivante.<\/p><p data-start=\"1393\" data-end=\"1828\">J\u2019ai alors entam\u00e9 un voyage initiatique au c\u0153ur de moi-m\u00eame. Une plong\u00e9e dans mes m\u00e9moires, mes sch\u00e9mas inconscients et mes blessures d\u2019\u00e2me. De fil en aiguille, je me suis form\u00e9 \u00e0 de nombreux outils de transformation :<br data-start=\"1611\" data-end=\"1614\" \/><strong data-start=\"1614\" data-end=\"1827\">hypnose, psychologie comportementale, communication non-violente (CNV), enn\u00e9agramme, magn\u00e9tisme, soins \u00e9nerg\u00e9tiques, chamanisme, quantique, m\u00e9diumnit\u00e9, exploration de conscience, gu\u00e9rison de l\u2019enfant int\u00e9rieur<\/strong>\u2026<\/p><p data-start=\"1830\" data-end=\"2114\">La naissance de mon fils il y a 8 ans \u00a0\u00e0 marqu\u00e9 une profonde renaissance int\u00e9rieure. Devenir p\u00e8re m\u2019a donn\u00e9 l\u2019\u00e9lan de lib\u00e9rer mes bagages, pour ne pas les transmettre. Il m\u2019a offert le plus beau cadeau : celui de devenir un homme plus align\u00e9, plus libre, plus conscient.<\/p><p data-start=\"2116\" data-end=\"2501\">Aujourd\u2019hui, <strong data-start=\"2129\" data-end=\"2272\">je mets mes capacit\u00e9s naturelles au service des \u00eatres en qu\u00eate d\u2019alignement et de v\u00e9rit\u00e9<\/strong>.<br data-start=\"2273\" data-end=\"2276\" \/>Je suis particuli\u00e8rement engag\u00e9 dans <strong data-start=\"2313\" data-end=\"2374\">l\u2019accompagnement des familles, des enfants et des parents<\/strong> sur le chemin de <strong data-start=\"2392\" data-end=\"2423\">l\u2019intelligence \u00e9motionnelle<\/strong>, de <strong data-start=\"2428\" data-end=\"2460\">la r\u00e9conciliation int\u00e9rieure<\/strong>, et de <strong data-start=\"2468\" data-end=\"2500\">la reconnexion \u00e0 l\u2019essentiel<\/strong>.<\/p><p data-start=\"2503\" data-end=\"2529\">Je me consacre notamment :<\/p><ul><li data-start=\"2503\" data-end=\"2529\">au <strong>Coaching individuel ou de groupe<\/strong> afin de vous aider \u00e0 retrouver votre leader et mener \u00e0 bien votre projet perso ou pro.<\/li><\/ul><ul><li data-start=\"2636\" data-end=\"2738\"><p data-start=\"2638\" data-end=\"2738\">\u00e0 l\u2019<strong data-start=\"2642\" data-end=\"2699\">accompagnement des enfants hypersensibles et \u00e9veill\u00e9s<\/strong>, souvent incompris dans notre soci\u00e9t\u00e9,<\/p><\/li><li data-start=\"2739\" data-end=\"2885\"><p data-start=\"2741\" data-end=\"2885\">\u00e0 la <strong data-start=\"2746\" data-end=\"2782\">formation et au soutien parental<\/strong>, pour cr\u00e9er des ponts entre g\u00e9n\u00e9rations et accueillir les enfants d\u2019aujourd\u2019hui avec plus de justesse.<\/p><\/li><li data-start=\"2739\" data-end=\"2885\"><p data-start=\"2741\" data-end=\"2885\"><span style=\"font-style: inherit;\">\u00e0 la <\/span><strong style=\"font-style: inherit;\">Proposition de S\u00e9jours<\/strong><span style=\"font-style: inherit;\">, pour cr\u00e9er du liens et des exp\u00e9riences inoubliables \u00e0 vivre en famille.<\/span><\/p><\/li><li data-start=\"2739\" data-end=\"2885\">Fort de plus de 20 ans d&rsquo;exp\u00e9rience dans la \u00ab\u00a0van life\u00a0\u00bb, b\u00e2tisseurs dans l&rsquo;\u00e2me en soif incessante de libert\u00e9, je vous aide \u00e9galement \u00e0 la r\u00e9alisation de vos r\u00eaves ou de votre vans.<\/li><\/ul><hr data-start=\"3020\" data-end=\"3023\" \/><p data-start=\"3025\" data-end=\"3194\"><strong data-start=\"3025\" data-end=\"3088\">Ce que je transmets n\u2019est pas une m\u00e9thode, c\u2019est un chemin.<\/strong><br data-start=\"3088\" data-end=\"3091\" \/>Celui que j\u2019ai parcouru, celui que je continue d\u2019explorer, humblement, avec foi, engagement et ancrage.<\/p><p data-start=\"3196\" data-end=\"3317\">J\u2019\u0153uvre aujourd\u2019hui pour un monde plus conscient, o\u00f9 chaque \u00eatre retrouve sa place, sa v\u00e9rit\u00e9 et sa puissance int\u00e9rieure.<\/p><p data-start=\"3319\" data-end=\"3364\">\ud83c\udf00 Bienvenue sur ce chemin de transformation.<\/p>\t\t\t\t\t\t\t\t<\/div>\n\t\t\t\t<\/div>\n\t\t\t\t<div class=\"elementor-element elementor-element-54c0ea0 elementor-widget elementor-widget-image\" data-id=\"54c0ea0\" data-element_type=\"widget\" data-e-type=\"widget\" data-widget_type=\"image.default\">\n\t\t\t\t<div class=\"elementor-widget-container\">\n\t\t\t\t\t\t\t\t\t\t\t\t\t\t\t<img decoding=\"async\" width=\"1024\" height=\"983\" src=\"https:\/\/cedricmabyre.com\/wp-content\/uploads\/2023\/09\/image-1024x983.jpg\" class=\"attachment-large size-large wp-image-945\" alt=\"\" srcset=\"https:\/\/cedricmabyre.com\/wp-content\/uploads\/2023\/09\/image-1024x983.jpg 1024w, https:\/\/cedricmabyre.com\/wp-content\/uploads\/2023\/09\/image-600x576.jpg 600w, https:\/\/cedricmabyre.com\/wp-content\/uploads\/2023\/09\/image-300x288.jpg 300w, https:\/\/cedricmabyre.com\/wp-content\/uploads\/2023\/09\/image-768x737.jpg 768w, https:\/\/cedricmabyre.com\/wp-content\/uploads\/2023\/09\/image-1536x1474.jpg 1536w, https:\/\/cedricmabyre.com\/wp-content\/uploads\/2023\/09\/image.jpg 1785w\" sizes=\"(max-width: 1024px) 100vw, 1024px\" \/>\t\t\t\t\t\t\t\t\t\t\t\t\t\t\t<\/div>\n\t\t\t\t<\/div>\n\t\t\t\t<div class=\"elementor-element elementor-element-25611ea animated-slow elementor-invisible elementor-widget elementor-widget-text-editor\" data-id=\"25611ea\" data-element_type=\"widget\" data-e-type=\"widget\" data-settings=\"{&quot;_animation&quot;:&quot;fadeInDown&quot;}\" data-widget_type=\"text-editor.default\">\n\t\t\t\t<div class=\"elementor-widget-container\">\n\t\t\t\t\t\t\t\t\t<p class=\"has-text-align-center\">C\u00e9dric Mabyre ~ Guide de l\u2019Intelligence \u00c9motionnel\u00a0<\/p>\t\t\t\t\t\t\t\t<\/div>\n\t\t\t\t<\/div>\n\t\t\t\t<div class=\"elementor-element elementor-element-6e3fedd elementor-widget elementor-widget-image\" data-id=\"6e3fedd\" data-element_type=\"widget\" data-e-type=\"widget\" data-widget_type=\"image.default\">\n\t\t\t\t<div class=\"elementor-widget-container\">\n\t\t\t\t\t\t\t\t\t\t\t\t\t\t\t<img decoding=\"async\" width=\"1000\" height=\"233\" src=\"https:\/\/cedricmabyre.com\/wp-content\/uploads\/2023\/09\/jhtgrergtr-e1694447787544.png\" class=\"attachment-large size-large wp-image-716\" alt=\"\" srcset=\"https:\/\/cedricmabyre.com\/wp-content\/uploads\/2023\/09\/jhtgrergtr-e1694447787544.png 1000w, https:\/\/cedricmabyre.com\/wp-content\/uploads\/2023\/09\/jhtgrergtr-e1694447787544-600x140.png 600w, https:\/\/cedricmabyre.com\/wp-content\/uploads\/2023\/09\/jhtgrergtr-e1694447787544-300x70.png 300w, https:\/\/cedricmabyre.com\/wp-content\/uploads\/2023\/09\/jhtgrergtr-e1694447787544-768x179.png 768w\" sizes=\"(max-width: 1000px) 100vw, 1000px\" \/>\t\t\t\t\t\t\t\t\t\t\t\t\t\t\t<\/div>\n\t\t\t\t<\/div>\n\t\t\t\t\t<\/div>\n\t\t<\/div>\n\t\t\t\t\t<\/div>\n\t\t<\/section>\n\t\t\t\t<section class=\"elementor-section elementor-top-section elementor-element elementor-element-f7bc71f elementor-section-boxed elementor-section-height-default elementor-section-height-default\" data-id=\"f7bc71f\" data-element_type=\"section\" data-e-type=\"section\">\n\t\t\t\t\t\t<div class=\"elementor-container elementor-column-gap-default\">\n\t\t\t\t\t<div class=\"elementor-column elementor-col-100 elementor-top-column elementor-element elementor-element-7482722\" data-id=\"7482722\" data-element_type=\"column\" data-e-type=\"column\">\n\t\t\t<div class=\"elementor-widget-wrap\">\n\t\t\t\t\t\t\t<\/div>\n\t\t<\/div>\n\t\t\t\t\t<\/div>\n\t\t<\/section>\n\t\t\t\t<section class=\"elementor-section elementor-top-section elementor-element elementor-element-8f95007 elementor-section-boxed elementor-section-height-default elementor-section-height-default\" data-id=\"8f95007\" data-element_type=\"section\" data-e-type=\"section\">\n\t\t\t\t\t\t<div class=\"elementor-container elementor-column-gap-default\">\n\t\t\t\t\t<div class=\"elementor-column elementor-col-25 elementor-top-column elementor-element elementor-element-909165e\" data-id=\"909165e\" data-element_type=\"column\" data-e-type=\"column\">\n\t\t\t<div class=\"elementor-widget-wrap\">\n\t\t\t\t\t\t\t<\/div>\n\t\t<\/div>\n\t\t\t\t<div class=\"elementor-column elementor-col-50 elementor-top-column elementor-element elementor-element-4143ef1\" data-id=\"4143ef1\" data-element_type=\"column\" data-e-type=\"column\">\n\t\t\t<div class=\"elementor-widget-wrap elementor-element-populated\">\n\t\t\t\t\t\t<div class=\"elementor-element elementor-element-ffb5b75 elementor-widget elementor-widget-video\" data-id=\"ffb5b75\" data-element_type=\"widget\" data-e-type=\"widget\" data-settings=\"{&quot;youtube_url&quot;:&quot;https:\\\/\\\/www.youtube.com\\\/watch?v=krRKEDplSWk&quot;,&quot;video_type&quot;:&quot;youtube&quot;,&quot;controls&quot;:&quot;yes&quot;}\" data-widget_type=\"video.default\">\n\t\t\t\t<div class=\"elementor-widget-container\">\n\t\t\t\t\t\t\t<div class=\"elementor-wrapper elementor-open-inline\">\n\t\t\t<div class=\"elementor-video\"><\/div>\t\t<\/div>\n\t\t\t\t\t\t<\/div>\n\t\t\t\t<\/div>\n\t\t\t\t\t<\/div>\n\t\t<\/div>\n\t\t\t\t<div class=\"elementor-column elementor-col-25 elementor-top-column elementor-element elementor-element-598921b\" data-id=\"598921b\" data-element_type=\"column\" data-e-type=\"column\">\n\t\t\t<div class=\"elementor-widget-wrap\">\n\t\t\t\t\t\t\t<\/div>\n\t\t<\/div>\n\t\t\t\t\t<\/div>\n\t\t<\/section>\n\t\t\t\t<\/div>\n\t\t","protected":false},"excerpt":{"rendered":"<p>Mon parcours vers l&rsquo;Autonomie de Gu\u00e9rison Gu\u00e9risseur de l\u2019\u00c2me\u00a0 N\u00e9 dans les ann\u00e9es 80 en r\u00e9gion parisienne, j\u2019ai grandi avec une grande sensibilit\u00e9 et la conviction de ne pas avoir de limites. Comme beaucoup d\u2019enfants aux multi-potentiels, mes d\u00e9buts furent marqu\u00e9s par le tumulte int\u00e9rieur, l\u2019incompr\u00e9hension du monde qui m&rsquo;entoure et une qu\u00eate de sens [&hellip;]<\/p>\n","protected":false},"author":2,"featured_media":0,"parent":0,"menu_order":0,"comment_status":"closed","ping_status":"closed","template":"elementor_header_footer","meta":{"site-sidebar-layout":"no-sidebar","site-content-layout":"","ast-site-content-layout":"full-width-container","site-content-style":"default","site-sidebar-style":"default","ast-global-header-display":"","ast-banner-title-visibility":"","ast-main-header-display":"","ast-hfb-above-header-display":"","ast-hfb-below-header-display":"","ast-hfb-mobile-header-display":"","site-post-title":"disabled","ast-breadcrumbs-content":"","ast-featured-img":"disabled","footer-sml-layout":"","theme-transparent-header-meta":"","adv-header-id-meta":"","stick-header-meta":"","header-above-stick-meta":"","header-main-stick-meta":"","header-below-stick-meta":"","astra-migrate-meta-layouts":"default","ast-page-background-enabled":"default","ast-page-background-meta":{"desktop":{"background-color":"var(--ast-global-color-4)","background-image":"","background-repeat":"repeat","background-position":"center center","background-size":"auto","background-attachment":"scroll","background-type":"","background-media":"","overlay-type":"","overlay-color":"","overlay-opacity":"","overlay-gradient":""},"tablet":{"background-color":"","background-image":"","background-repeat":"repeat","background-position":"center center","background-size":"auto","background-attachment":"scroll","background-type":"","background-media":"","overlay-type":"","overlay-color":"","overlay-opacity":"","overlay-gradient":""},"mobile":{"background-color":"","background-image":"","background-repeat":"repeat","background-position":"center center","background-size":"auto","background-attachment":"scroll","background-type":"","background-media":"","overlay-type":"","overlay-color":"","overlay-opacity":"","overlay-gradient":""}},"ast-content-background-meta":{"desktop":{"background-color":"var(--ast-global-color-5)","background-image":"","background-repeat":"repeat","background-position":"center center","background-size":"auto","background-attachment":"scroll","background-type":"","background-media":"","overlay-type":"","overlay-color":"","overlay-opacity":"","overlay-gradient":""},"tablet":{"background-color":"var(--ast-global-color-5)","background-image":"","background-repeat":"repeat","background-position":"center center","background-size":"auto","background-attachment":"scroll","background-type":"","background-media":"","overlay-type":"","overlay-color":"","overlay-opacity":"","overlay-gradient":""},"mobile":{"background-color":"var(--ast-global-color-5)","background-image":"","background-repeat":"repeat","background-position":"center center","background-size":"auto","background-attachment":"scroll","background-type":"","background-media":"","overlay-type":"","overlay-color":"","overlay-opacity":"","overlay-gradient":""}},"footnotes":""},"class_list":["post-702","page","type-page","status-publish","hentry"],"_links":{"self":[{"href":"https:\/\/cedricmabyre.com\/index.php\/wp-json\/wp\/v2\/pages\/702","targetHints":{"allow":["GET"]}}],"collection":[{"href":"https:\/\/cedricmabyre.com\/index.php\/wp-json\/wp\/v2\/pages"}],"about":[{"href":"https:\/\/cedricmabyre.com\/index.php\/wp-json\/wp\/v2\/types\/page"}],"author":[{"embeddable":true,"href":"https:\/\/cedricmabyre.com\/index.php\/wp-json\/wp\/v2\/users\/2"}],"replies":[{"embeddable":true,"href":"https:\/\/cedricmabyre.com\/index.php\/wp-json\/wp\/v2\/comments?post=702"}],"version-history":[{"count":139,"href":"https:\/\/cedricmabyre.com\/index.php\/wp-json\/wp\/v2\/pages\/702\/revisions"}],"predecessor-version":[{"id":2197,"href":"https:\/\/cedricmabyre.com\/index.php\/wp-json\/wp\/v2\/pages\/702\/revisions\/2197"}],"wp:attachment":[{"href":"https:\/\/cedricmabyre.com\/index.php\/wp-json\/wp\/v2\/media?parent=702"}],"curies":[{"name":"wp","href":"https:\/\/api.w.org\/{rel}","templated":true}]}}