{"id":1729,"date":"2024-02-22T13:58:42","date_gmt":"2024-02-22T12:58:42","guid":{"rendered":"https:\/\/cedricmabyre.com\/?post_type=product&#038;p=1729"},"modified":"2025-07-29T16:54:09","modified_gmt":"2025-07-29T14:54:09","slug":"accompagnement-au-choix-et-a-lachat-dun-vehicule","status":"publish","type":"product","link":"https:\/\/cedricmabyre.com\/index.php\/produit\/accompagnement-au-choix-et-a-lachat-dun-vehicule\/","title":{"rendered":"Accompagnement au choix et \u00e0 l&rsquo;achat d&rsquo;un v\u00e9hicule"},"content":{"rendered":"","protected":false},"excerpt":{"rendered":"<p class=\"cgHgbA pYZEjA Xp24Nw\"><span class=\"OYPEnA\">Mon Objectif ? Ton autonomie&#8230;<\/span><\/p>\n<p class=\"cgHgbA pYZEjA Xp24Nw\"><span class=\"OYPEnA\">T\u2019aider \u00e0 acqu\u00e9rir ou cr\u00e9er le van qui te correspond !!<\/span><\/p>\n<p class=\"cgHgbA pYZEjA Xp24Nw\"><span class=\"OYPEnA\">Choisir le v\u00e9hicule id\u00e9al ou l\u2019am\u00e9nager \u00e0 votre image peut \u00eatre<br \/>\nun d\u00e9fi de taille. C\u2019est pourquoi je suis l\u00e0 pour vous guider \u00e0<br \/>\nchaque \u00e9tape du processus, de la s\u00e9lection du v\u00e9hicule \u00e0 son<br \/>\nam\u00e9nagement personnalis\u00e9.<\/span><\/p>\n<div class=\"cgHgbA pYZEjA Xp24Nw\"><\/div>\n<p class=\"cgHgbA pYZEjA Xp24Nw\"><span class=\"OYPEnA\">Fort de mes 25 ans d\u2019exp\u00e9rience dans le milieu de la Van Life,<br \/>\nam\u00e9nageur et g\u00e9rant d\u2019entreprise depuis plus de 10ans , je vous<br \/>\noriente et vous guide dans vos choix correspondants \u00e0 vos<br \/>\nbesoins, vos envies et votre budget.<\/span><\/p>\n<p>&nbsp;<\/p>\n<p class=\"cgHgbA pYZEjA Xp24Nw PanoWQ\"><span class=\"OYPEnA\">Cet accompagnement comprend toute l\u2019\u00e9tude<\/span><span class=\"OYPEnA\"><br \/>\n<\/span><span class=\"OYPEnA\">de votre projet jusqu&rsquo;\u00e0 l\u2019achat du v\u00e9hicule, qu\u2019il<\/span><span class=\"OYPEnA\"><br \/>\n<\/span><span class=\"OYPEnA\">soit d\u00e9j\u00e0 VASP ou Utilitaire pour un futur<\/span><span class=\"OYPEnA\"><br \/>\n<\/span><span class=\"OYPEnA\">am\u00e9nagement.<\/span><\/p>\n<p class=\"cgHgbA pYZEjA Xp24Nw\"><span class=\"OYPEnA\">Nous allons d\u00e9terminer ensemble tous vos<\/span><span class=\"OYPEnA\"><br \/>\n<\/span><span class=\"OYPEnA\">besoins afin de trouver le v\u00e9hicule qui vous<\/span><span class=\"OYPEnA\"><br \/>\n<\/span><span class=\"OYPEnA\">correspond.<\/span><\/p>\n<p class=\"cgHgbA pYZEjA Xp24Nw\"><span class=\"OYPEnA\">Je vous aiderai \u00e0 \u00e9tudier le march\u00e9 et \u00e0 cibler<\/span><span class=\"OYPEnA\"><br \/>\n<\/span><span class=\"OYPEnA\">vos recherches.<\/span><\/p>\n<p class=\"cgHgbA pYZEjA Xp24Nw\"><span class=\"OYPEnA\">Lors<\/span><span class=\"OYPEnA\">\u00a0de visites je serai avec vous en visio pour<\/span><span class=\"OYPEnA\"><br \/>\n<\/span><span class=\"OYPEnA\">v\u00e9rifier et tester le v\u00e9hicule et ses accessoires.<\/span><\/p>\n<p class=\"cgHgbA pYZEjA Xp24Nw\"><span class=\"OYPEnA\">Je v<\/span><span class=\"OYPEnA\">ous guiderai dans les \u00e9tapes de n\u00e9gociation,<\/span><span class=\"OYPEnA\"><br \/>\n<\/span><span class=\"OYPEnA\">d\u2019achat et de d\u00e9marches administratives.<\/span><\/p>\n<p class=\"cgHgbA pYZEjA Xp24Nw\"><span class=\"OYPEnA\">Vous n\u2019aurez plus qu\u2019\u00e0 prendre la route en toute<\/span><span class=\"OYPEnA\"><br \/>\n<\/span><span class=\"OYPEnA\">s\u00e9r\u00e9nit\u00e9 ou \u00e0 vous lancer dans votre<\/span><span class=\"OYPEnA\"><br \/>\n<\/span><span class=\"OYPEnA\">am\u00e9nagement&#8230;<\/span><\/p>\n","protected":false},"featured_media":2167,"comment_status":"open","ping_status":"closed","template":"","meta":{"site-sidebar-layout":"default","site-content-layout":"","ast-site-content-layout":"default","site-content-style":"default","site-sidebar-style":"default","ast-global-header-display":"","ast-banner-title-visibility":"","ast-main-header-display":"","ast-hfb-above-header-display":"","ast-hfb-below-header-display":"","ast-hfb-mobile-header-display":"","site-post-title":"","ast-breadcrumbs-content":"","ast-featured-img":"","footer-sml-layout":"","theme-transparent-header-meta":"default","adv-header-id-meta":"","stick-header-meta":"","header-above-stick-meta":"","header-main-stick-meta":"","header-below-stick-meta":"","astra-migrate-meta-layouts":"set","ast-page-background-enabled":"default","ast-page-background-meta":{"desktop":{"background-color":"var(--ast-global-color-4)","background-image":"","background-repeat":"repeat","background-position":"center center","background-size":"auto","background-attachment":"scroll","background-type":"","background-media":"","overlay-type":"","overlay-color":"","overlay-opacity":"","overlay-gradient":""},"tablet":{"background-color":"","background-image":"","background-repeat":"repeat","background-position":"center center","background-size":"auto","background-attachment":"scroll","background-type":"","background-media":"","overlay-type":"","overlay-color":"","overlay-opacity":"","overlay-gradient":""},"mobile":{"background-color":"","background-image":"","background-repeat":"repeat","background-position":"center center","background-size":"auto","background-attachment":"scroll","background-type":"","background-media":"","overlay-type":"","overlay-color":"","overlay-opacity":"","overlay-gradient":""}},"ast-content-background-meta":{"desktop":{"background-color":"var(--ast-global-color-5)","background-image":"","background-repeat":"repeat","background-position":"center center","background-size":"auto","background-attachment":"scroll","background-type":"","background-media":"","overlay-type":"","overlay-color":"","overlay-opacity":"","overlay-gradient":""},"tablet":{"background-color":"var(--ast-global-color-5)","background-image":"","background-repeat":"repeat","background-position":"center center","background-size":"auto","background-attachment":"scroll","background-type":"","background-media":"","overlay-type":"","overlay-color":"","overlay-opacity":"","overlay-gradient":""},"mobile":{"background-color":"var(--ast-global-color-5)","background-image":"","background-repeat":"repeat","background-position":"center center","background-size":"auto","background-attachment":"scroll","background-type":"","background-media":"","overlay-type":"","overlay-color":"","overlay-opacity":"","overlay-gradient":""}}},"product_brand":[],"product_cat":[26],"product_tag":[],"class_list":{"0":"post-1729","1":"product","2":"type-product","3":"status-publish","4":"has-post-thumbnail","6":"product_cat-prestation","7":"desktop-align-left","8":"tablet-align-left","9":"mobile-align-left","11":"first","12":"instock","13":"shipping-taxable","14":"purchasable","15":"product-type-simple"},"_links":{"self":[{"href":"https:\/\/cedricmabyre.com\/index.php\/wp-json\/wp\/v2\/product\/1729","targetHints":{"allow":["GET"]}}],"collection":[{"href":"https:\/\/cedricmabyre.com\/index.php\/wp-json\/wp\/v2\/product"}],"about":[{"href":"https:\/\/cedricmabyre.com\/index.php\/wp-json\/wp\/v2\/types\/product"}],"replies":[{"embeddable":true,"href":"https:\/\/cedricmabyre.com\/index.php\/wp-json\/wp\/v2\/comments?post=1729"}],"wp:featuredmedia":[{"embeddable":true,"href":"https:\/\/cedricmabyre.com\/index.php\/wp-json\/wp\/v2\/media\/2167"}],"wp:attachment":[{"href":"https:\/\/cedricmabyre.com\/index.php\/wp-json\/wp\/v2\/media?parent=1729"}],"wp:term":[{"taxonomy":"product_brand","embeddable":true,"href":"https:\/\/cedricmabyre.com\/index.php\/wp-json\/wp\/v2\/product_brand?post=1729"},{"taxonomy":"product_cat","embeddable":true,"href":"https:\/\/cedricmabyre.com\/index.php\/wp-json\/wp\/v2\/product_cat?post=1729"},{"taxonomy":"product_tag","embeddable":true,"href":"https:\/\/cedricmabyre.com\/index.php\/wp-json\/wp\/v2\/product_tag?post=1729"}],"curies":[{"name":"wp","href":"https:\/\/api.w.org\/{rel}","templated":true}]}}