{"id":2170,"date":"2025-07-29T16:54:27","date_gmt":"2025-07-29T14:54:27","guid":{"rendered":"https:\/\/cedricmabyre.com\/?post_type=product&#038;p=2170"},"modified":"2025-07-29T16:57:54","modified_gmt":"2025-07-29T14:57:54","slug":"rendez-vous-conseil","status":"publish","type":"product","link":"https:\/\/cedricmabyre.com\/index.php\/produit\/rendez-vous-conseil\/","title":{"rendered":"Rendez-vous Conseils"},"content":{"rendered":"<div>\n<div>\n<div>\n<p class=\"cvGsUA direction-ltr align-center para-style-body\"><span class=\"OYPEnA font-feature-liga-off font-feature-clig-off font-feature-calt-off text-decoration-none text-strikethrough-none\">Mon Objectif ? Ton autonomie&#8230;<\/span><\/p>\n<p class=\"cvGsUA direction-ltr align-center para-style-body\"><span class=\"OYPEnA font-feature-liga-off font-feature-clig-off font-feature-calt-off text-decoration-none text-strikethrough-none\">T\u2019aider \u00e0 acqu\u00e9rir ou cr\u00e9er le van qui te correspond !!<\/span><\/p>\n<p class=\"cvGsUA direction-ltr align-center para-style-body\"><span class=\"OYPEnA font-feature-liga-off font-feature-clig-off font-feature-calt-off text-decoration-none text-strikethrough-none\">Choisir le v\u00e9hicule id\u00e9al ou l\u2019am\u00e9nager \u00e0 votre image peut \u00eatre un d\u00e9fi de taille. C\u2019est pourquoi je suis l\u00e0 pour vous guider \u00e0 chaque \u00e9tape du processus, de la s\u00e9lection du v\u00e9hicule \u00e0 son am\u00e9nagement personnalis\u00e9.<\/span><\/p>\n<p class=\"cvGsUA direction-ltr align-center para-style-body\"><span class=\"OYPEnA font-feature-liga-off font-feature-clig-off font-feature-calt-off text-decoration-none text-strikethrough-none\">Fort de mes 25 ans d\u2019exp\u00e9rience dans le milieu de la Van Life, am\u00e9nageur et g\u00e9rant d\u2019entreprise depuis plus de 10ans , je vous oriente et vous guide dans vos choix correspondants \u00e0 vos besoins, vos envies et votre budget.<\/span><\/p>\n<p>&nbsp;<\/p>\n<p>Besoin de conseils pour l\u2019installation ou le choix d\u2019un accessoire ?<\/p>\n<\/div>\n<div>\n<p>Ou pour l\u2019achat d\u2019un v\u00e9hicule?<\/p>\n<\/div>\n<div>\n<p>Vous avez besoin de connaitre les diff\u00e9rents mod\u00e8les de v\u00e9hicules et de savoir ce qu\u2019il est possible de faire en therme d\u2019am\u00e9nagement ?<\/p>\n<\/div>\n<div>\n<p>Vous avez diff\u00e9rentes interrogations sur les normes VASP?<\/p>\n<\/div>\n<div>\n<p>Je r\u00e9pond \u00e0 toutes vos questions lors de cet entretien t\u00e9l\u00e9phonique ou en visio conf\u00e9rence.<\/p>\n<\/div>\n<\/div>\n<\/div>\n","protected":false},"excerpt":{"rendered":"<div>\n<p>Besoin de conseils pour l\u2019installation ou le choix d\u2019un accessoire ?<\/p>\n<\/div>\n<div>\n<p>Ou pour l\u2019achat d\u2019un v\u00e9hicule?<\/p>\n<\/div>\n<div>\n<p>Vous avez besoin de connaitre les diff\u00e9rents mod\u00e8les de v\u00e9hicules et de savoir ce qu\u2019il est possible de faire en therme d\u2019am\u00e9nagement ?<\/p>\n<\/div>\n<div>\n<p>Vous avez diff\u00e9rentes interrogations sur les normes VASP?<\/p>\n<\/div>\n<div>\n<p>Je r\u00e9pond \u00e0 toutes vos questions lors de cet entretien t\u00e9l\u00e9phonique ou en visio conf\u00e9rence.<\/p>\n<\/div>\n","protected":false},"featured_media":2168,"comment_status":"open","ping_status":"closed","template":"","meta":{"site-sidebar-layout":"default","site-content-layout":"","ast-site-content-layout":"default","site-content-style":"default","site-sidebar-style":"default","ast-global-header-display":"","ast-banner-title-visibility":"","ast-main-header-display":"","ast-hfb-above-header-display":"","ast-hfb-below-header-display":"","ast-hfb-mobile-header-display":"","site-post-title":"","ast-breadcrumbs-content":"","ast-featured-img":"","footer-sml-layout":"","theme-transparent-header-meta":"default","adv-header-id-meta":"","stick-header-meta":"","header-above-stick-meta":"","header-main-stick-meta":"","header-below-stick-meta":"","astra-migrate-meta-layouts":"set","ast-page-background-enabled":"default","ast-page-background-meta":{"desktop":{"background-color":"var(--ast-global-color-4)","background-image":"","background-repeat":"repeat","background-position":"center center","background-size":"auto","background-attachment":"scroll","background-type":"","background-media":"","overlay-type":"","overlay-color":"","overlay-opacity":"","overlay-gradient":""},"tablet":{"background-color":"","background-image":"","background-repeat":"repeat","background-position":"center center","background-size":"auto","background-attachment":"scroll","background-type":"","background-media":"","overlay-type":"","overlay-color":"","overlay-opacity":"","overlay-gradient":""},"mobile":{"background-color":"","background-image":"","background-repeat":"repeat","background-position":"center center","background-size":"auto","background-attachment":"scroll","background-type":"","background-media":"","overlay-type":"","overlay-color":"","overlay-opacity":"","overlay-gradient":""}},"ast-content-background-meta":{"desktop":{"background-color":"var(--ast-global-color-5)","background-image":"","background-repeat":"repeat","background-position":"center center","background-size":"auto","background-attachment":"scroll","background-type":"","background-media":"","overlay-type":"","overlay-color":"","overlay-opacity":"","overlay-gradient":""},"tablet":{"background-color":"var(--ast-global-color-5)","background-image":"","background-repeat":"repeat","background-position":"center center","background-size":"auto","background-attachment":"scroll","background-type":"","background-media":"","overlay-type":"","overlay-color":"","overlay-opacity":"","overlay-gradient":""},"mobile":{"background-color":"var(--ast-global-color-5)","background-image":"","background-repeat":"repeat","background-position":"center center","background-size":"auto","background-attachment":"scroll","background-type":"","background-media":"","overlay-type":"","overlay-color":"","overlay-opacity":"","overlay-gradient":""}}},"product_brand":[],"product_cat":[26],"product_tag":[],"class_list":{"0":"post-2170","1":"product","2":"type-product","3":"status-publish","4":"has-post-thumbnail","6":"product_cat-prestation","7":"desktop-align-left","8":"tablet-align-left","9":"mobile-align-left","11":"first","12":"instock","13":"virtual","14":"purchasable","15":"product-type-simple"},"_links":{"self":[{"href":"https:\/\/cedricmabyre.com\/index.php\/wp-json\/wp\/v2\/product\/2170","targetHints":{"allow":["GET"]}}],"collection":[{"href":"https:\/\/cedricmabyre.com\/index.php\/wp-json\/wp\/v2\/product"}],"about":[{"href":"https:\/\/cedricmabyre.com\/index.php\/wp-json\/wp\/v2\/types\/product"}],"replies":[{"embeddable":true,"href":"https:\/\/cedricmabyre.com\/index.php\/wp-json\/wp\/v2\/comments?post=2170"}],"wp:featuredmedia":[{"embeddable":true,"href":"https:\/\/cedricmabyre.com\/index.php\/wp-json\/wp\/v2\/media\/2168"}],"wp:attachment":[{"href":"https:\/\/cedricmabyre.com\/index.php\/wp-json\/wp\/v2\/media?parent=2170"}],"wp:term":[{"taxonomy":"product_brand","embeddable":true,"href":"https:\/\/cedricmabyre.com\/index.php\/wp-json\/wp\/v2\/product_brand?post=2170"},{"taxonomy":"product_cat","embeddable":true,"href":"https:\/\/cedricmabyre.com\/index.php\/wp-json\/wp\/v2\/product_cat?post=2170"},{"taxonomy":"product_tag","embeddable":true,"href":"https:\/\/cedricmabyre.com\/index.php\/wp-json\/wp\/v2\/product_tag?post=2170"}],"curies":[{"name":"wp","href":"https:\/\/api.w.org\/{rel}","templated":true}]}}