{"id":2271,"date":"2025-07-31T10:32:54","date_gmt":"2025-07-31T08:32:54","guid":{"rendered":"https:\/\/cedricmabyre.com\/?post_type=product&#038;p=2271"},"modified":"2025-07-31T11:05:16","modified_gmt":"2025-07-31T09:05:16","slug":"cursus-de-formation-connexion-a-ton-ame-confirme","status":"publish","type":"product","link":"https:\/\/cedricmabyre.com\/index.php\/produit\/cursus-de-formation-connexion-a-ton-ame-confirme\/","title":{"rendered":"ARRHES CURSUS DE FORMATION \u00ab\u00a0CONNEXION \u00c0 TON \u00c2ME\u00a0\u00bb- Confirm\u00e9"},"content":{"rendered":"<div><\/div>\n<div>\n<p class=\"cvGsUA direction-ltr align-center para-style-body\">\n<\/div>\n","protected":false},"excerpt":{"rendered":"<p class=\"cvGsUA direction-ltr align-center para-style-body\">\ud83d\udd39 Niveau 2 \u2013 Connexion \u00e0 ton \u00c2me \u2013 Approfondissement<\/p>\n<p class=\"cvGsUA direction-ltr align-center para-style-body\">Un espace de transformation pour celles et ceux qui souhaitent se reconnecter \u00e0 leur v\u00e9rit\u00e9 int\u00e9rieure, \u00e0 leur guidance personnelle et reprendre leur pouvoir personnel. Dans un cadre ressour\u00e7ant et bienveillant, je vous accompagne \u00e0 travers un processus structur\u00e9 m\u00ealant pratiques corporelles, introspection, transmission d\u2019outils, partages et rituels.<\/p>\n<p class=\"cvGsUA direction-ltr align-center para-style-body\">Versement d&rsquo;arrhes pour la r\u00e9servation de ma place au cursus de formation \u00ab\u00a0connexion \u00e0 ton \u00e2me &#8211; d\u00e9butant\u00a0\u00bb<\/p>\n","protected":false},"featured_media":2048,"comment_status":"open","ping_status":"closed","template":"","meta":{"site-sidebar-layout":"default","site-content-layout":"","ast-site-content-layout":"default","site-content-style":"default","site-sidebar-style":"default","ast-global-header-display":"","ast-banner-title-visibility":"","ast-main-header-display":"","ast-hfb-above-header-display":"","ast-hfb-below-header-display":"","ast-hfb-mobile-header-display":"","site-post-title":"","ast-breadcrumbs-content":"","ast-featured-img":"","footer-sml-layout":"","theme-transparent-header-meta":"default","adv-header-id-meta":"","stick-header-meta":"","header-above-stick-meta":"","header-main-stick-meta":"","header-below-stick-meta":"","astra-migrate-meta-layouts":"set","ast-page-background-enabled":"default","ast-page-background-meta":{"desktop":{"background-color":"var(--ast-global-color-4)","background-image":"","background-repeat":"repeat","background-position":"center center","background-size":"auto","background-attachment":"scroll","background-type":"","background-media":"","overlay-type":"","overlay-color":"","overlay-opacity":"","overlay-gradient":""},"tablet":{"background-color":"","background-image":"","background-repeat":"repeat","background-position":"center center","background-size":"auto","background-attachment":"scroll","background-type":"","background-media":"","overlay-type":"","overlay-color":"","overlay-opacity":"","overlay-gradient":""},"mobile":{"background-color":"","background-image":"","background-repeat":"repeat","background-position":"center center","background-size":"auto","background-attachment":"scroll","background-type":"","background-media":"","overlay-type":"","overlay-color":"","overlay-opacity":"","overlay-gradient":""}},"ast-content-background-meta":{"desktop":{"background-color":"var(--ast-global-color-5)","background-image":"","background-repeat":"repeat","background-position":"center center","background-size":"auto","background-attachment":"scroll","background-type":"","background-media":"","overlay-type":"","overlay-color":"","overlay-opacity":"","overlay-gradient":""},"tablet":{"background-color":"var(--ast-global-color-5)","background-image":"","background-repeat":"repeat","background-position":"center center","background-size":"auto","background-attachment":"scroll","background-type":"","background-media":"","overlay-type":"","overlay-color":"","overlay-opacity":"","overlay-gradient":""},"mobile":{"background-color":"var(--ast-global-color-5)","background-image":"","background-repeat":"repeat","background-position":"center center","background-size":"auto","background-attachment":"scroll","background-type":"","background-media":"","overlay-type":"","overlay-color":"","overlay-opacity":"","overlay-gradient":""}}},"product_brand":[],"product_cat":[26],"product_tag":[],"class_list":{"0":"post-2271","1":"product","2":"type-product","3":"status-publish","4":"has-post-thumbnail","6":"product_cat-prestation","7":"desktop-align-left","8":"tablet-align-left","9":"mobile-align-left","11":"first","12":"instock","13":"virtual","14":"purchasable","15":"product-type-simple"},"_links":{"self":[{"href":"https:\/\/cedricmabyre.com\/index.php\/wp-json\/wp\/v2\/product\/2271","targetHints":{"allow":["GET"]}}],"collection":[{"href":"https:\/\/cedricmabyre.com\/index.php\/wp-json\/wp\/v2\/product"}],"about":[{"href":"https:\/\/cedricmabyre.com\/index.php\/wp-json\/wp\/v2\/types\/product"}],"replies":[{"embeddable":true,"href":"https:\/\/cedricmabyre.com\/index.php\/wp-json\/wp\/v2\/comments?post=2271"}],"wp:featuredmedia":[{"embeddable":true,"href":"https:\/\/cedricmabyre.com\/index.php\/wp-json\/wp\/v2\/media\/2048"}],"wp:attachment":[{"href":"https:\/\/cedricmabyre.com\/index.php\/wp-json\/wp\/v2\/media?parent=2271"}],"wp:term":[{"taxonomy":"product_brand","embeddable":true,"href":"https:\/\/cedricmabyre.com\/index.php\/wp-json\/wp\/v2\/product_brand?post=2271"},{"taxonomy":"product_cat","embeddable":true,"href":"https:\/\/cedricmabyre.com\/index.php\/wp-json\/wp\/v2\/product_cat?post=2271"},{"taxonomy":"product_tag","embeddable":true,"href":"https:\/\/cedricmabyre.com\/index.php\/wp-json\/wp\/v2\/product_tag?post=2271"}],"curies":[{"name":"wp","href":"https:\/\/api.w.org\/{rel}","templated":true}]}}