{"id":2339,"date":"2025-07-31T12:49:00","date_gmt":"2025-07-31T10:49:00","guid":{"rendered":"https:\/\/cedricmabyre.com\/?post_type=product&#038;p=2339"},"modified":"2025-07-31T12:52:35","modified_gmt":"2025-07-31T10:52:35","slug":"arrhes-stage-les-frequences-disis","status":"publish","type":"product","link":"https:\/\/cedricmabyre.com\/index.php\/produit\/arrhes-stage-les-frequences-disis\/","title":{"rendered":"ARRHES STAGE \u00ab\u00a0LES FR\u00c9QUENCES D&rsquo;ISIS\u00a0\u00bb"},"content":{"rendered":"<div><\/div>\n<div>\n<p class=\"cvGsUA direction-ltr align-center para-style-body\">\n<\/div>\n","protected":false},"excerpt":{"rendered":"<p data-start=\"549\" data-end=\"906\">Ce stage est une invitation \u00e0 un voyage int\u00e9rieur profond, guid\u00e9 par les <strong data-start=\"622\" data-end=\"643\">Fr\u00e9quences d\u2019Isis<\/strong>, d\u00e9esse de la gu\u00e9rison, de la sagesse et de l\u2019initiation.<br data-start=\"701\" data-end=\"704\" \/>\u00c0 travers ce processus \u00e9nerg\u00e9tique et vibratoire, tu reconnecteras avec les <strong data-start=\"780\" data-end=\"817\">dimensions quantiques de ton \u00eatre<\/strong>, c\u2019est-\u00e0-dire les aspects multidimensionnels, intemporels et puissants de ta conscience.<\/p>\n<p data-start=\"908\" data-end=\"1011\">Un espace sacr\u00e9 o\u00f9 tu pourras recevoir, te lib\u00e9rer, t\u2019aligner, et activer les cl\u00e9s de ton chemin d\u2019\u00e2me.<\/p>\n<p class=\"cvGsUA direction-ltr align-center para-style-body\">R\u00e8glement d&rsquo;arrhes pour la r\u00e9servation de ma place au cursus de formation \u00ab\u00a0LES FR\u00c9QUENCES D&rsquo;ISIS\u00a0\u00bb<\/p>\n","protected":false},"featured_media":2052,"comment_status":"open","ping_status":"closed","template":"","meta":{"site-sidebar-layout":"default","site-content-layout":"","ast-site-content-layout":"default","site-content-style":"default","site-sidebar-style":"default","ast-global-header-display":"","ast-banner-title-visibility":"","ast-main-header-display":"","ast-hfb-above-header-display":"","ast-hfb-below-header-display":"","ast-hfb-mobile-header-display":"","site-post-title":"","ast-breadcrumbs-content":"","ast-featured-img":"","footer-sml-layout":"","theme-transparent-header-meta":"default","adv-header-id-meta":"","stick-header-meta":"","header-above-stick-meta":"","header-main-stick-meta":"","header-below-stick-meta":"","astra-migrate-meta-layouts":"set","ast-page-background-enabled":"default","ast-page-background-meta":{"desktop":{"background-color":"var(--ast-global-color-4)","background-image":"","background-repeat":"repeat","background-position":"center center","background-size":"auto","background-attachment":"scroll","background-type":"","background-media":"","overlay-type":"","overlay-color":"","overlay-opacity":"","overlay-gradient":""},"tablet":{"background-color":"","background-image":"","background-repeat":"repeat","background-position":"center center","background-size":"auto","background-attachment":"scroll","background-type":"","background-media":"","overlay-type":"","overlay-color":"","overlay-opacity":"","overlay-gradient":""},"mobile":{"background-color":"","background-image":"","background-repeat":"repeat","background-position":"center center","background-size":"auto","background-attachment":"scroll","background-type":"","background-media":"","overlay-type":"","overlay-color":"","overlay-opacity":"","overlay-gradient":""}},"ast-content-background-meta":{"desktop":{"background-color":"var(--ast-global-color-5)","background-image":"","background-repeat":"repeat","background-position":"center center","background-size":"auto","background-attachment":"scroll","background-type":"","background-media":"","overlay-type":"","overlay-color":"","overlay-opacity":"","overlay-gradient":""},"tablet":{"background-color":"var(--ast-global-color-5)","background-image":"","background-repeat":"repeat","background-position":"center center","background-size":"auto","background-attachment":"scroll","background-type":"","background-media":"","overlay-type":"","overlay-color":"","overlay-opacity":"","overlay-gradient":""},"mobile":{"background-color":"var(--ast-global-color-5)","background-image":"","background-repeat":"repeat","background-position":"center center","background-size":"auto","background-attachment":"scroll","background-type":"","background-media":"","overlay-type":"","overlay-color":"","overlay-opacity":"","overlay-gradient":""}}},"product_brand":[],"product_cat":[26],"product_tag":[],"class_list":{"0":"post-2339","1":"product","2":"type-product","3":"status-publish","4":"has-post-thumbnail","6":"product_cat-prestation","7":"desktop-align-left","8":"tablet-align-left","9":"mobile-align-left","11":"first","12":"instock","13":"virtual","14":"purchasable","15":"product-type-simple"},"_links":{"self":[{"href":"https:\/\/cedricmabyre.com\/index.php\/wp-json\/wp\/v2\/product\/2339","targetHints":{"allow":["GET"]}}],"collection":[{"href":"https:\/\/cedricmabyre.com\/index.php\/wp-json\/wp\/v2\/product"}],"about":[{"href":"https:\/\/cedricmabyre.com\/index.php\/wp-json\/wp\/v2\/types\/product"}],"replies":[{"embeddable":true,"href":"https:\/\/cedricmabyre.com\/index.php\/wp-json\/wp\/v2\/comments?post=2339"}],"wp:featuredmedia":[{"embeddable":true,"href":"https:\/\/cedricmabyre.com\/index.php\/wp-json\/wp\/v2\/media\/2052"}],"wp:attachment":[{"href":"https:\/\/cedricmabyre.com\/index.php\/wp-json\/wp\/v2\/media?parent=2339"}],"wp:term":[{"taxonomy":"product_brand","embeddable":true,"href":"https:\/\/cedricmabyre.com\/index.php\/wp-json\/wp\/v2\/product_brand?post=2339"},{"taxonomy":"product_cat","embeddable":true,"href":"https:\/\/cedricmabyre.com\/index.php\/wp-json\/wp\/v2\/product_cat?post=2339"},{"taxonomy":"product_tag","embeddable":true,"href":"https:\/\/cedricmabyre.com\/index.php\/wp-json\/wp\/v2\/product_tag?post=2339"}],"curies":[{"name":"wp","href":"https:\/\/api.w.org\/{rel}","templated":true}]}}