{"id":2360,"date":"2025-07-31T13:16:16","date_gmt":"2025-07-31T11:16:16","guid":{"rendered":"https:\/\/cedricmabyre.com\/?post_type=product&#038;p=2360"},"modified":"2025-07-31T13:20:50","modified_gmt":"2025-07-31T11:20:50","slug":"stage-complet-naissance-chamanique","status":"publish","type":"product","link":"https:\/\/cedricmabyre.com\/index.php\/produit\/stage-complet-naissance-chamanique\/","title":{"rendered":"STAGE COMPLET \u00ab\u00a0NAISSANCE CHAMANIQUE\u00a0\u00bb"},"content":{"rendered":"<div><\/div>\n<div>\n<p class=\"cvGsUA direction-ltr align-center para-style-body\">\n<\/div>\n","protected":false},"excerpt":{"rendered":"<p data-start=\"493\" data-end=\"747\">Ce stage est une <strong data-start=\"510\" data-end=\"544\">initiation vivante et incarn\u00e9e<\/strong> \u00e0 la voie chamanique.<br data-start=\"566\" data-end=\"569\" \/>Il marque une <strong data-start=\"583\" data-end=\"607\">naissance symbolique<\/strong> : celle de vos <strong data-start=\"623\" data-end=\"661\">dimensions chamaniques int\u00e9rieures<\/strong>, profondes, intuitives, connect\u00e9es \u00e0 la Terre, aux \u00e9l\u00e9ments et aux mondes invisibles.<\/p>\n<p data-start=\"749\" data-end=\"867\">Au fil de ces 4 jours, vous serez guid\u00e9\u00b7e dans un <strong data-start=\"799\" data-end=\"853\">processus de transformation personnel et spirituel<\/strong>, rythm\u00e9 par :<\/p>\n<ul data-start=\"868\" data-end=\"1121\">\n<li data-start=\"868\" data-end=\"950\">\n<p data-start=\"870\" data-end=\"950\">la <strong data-start=\"873\" data-end=\"923\">fabrication sacr\u00e9e de votre tambour chamanique<\/strong> (alli\u00e9 de vie et de soin),<\/p>\n<\/li>\n<li data-start=\"951\" data-end=\"1000\">\n<p data-start=\"953\" data-end=\"1000\">la <strong data-start=\"956\" data-end=\"999\">rencontre avec les esprits de la nature<\/strong>,<\/p>\n<\/li>\n<li data-start=\"1001\" data-end=\"1062\">\n<p data-start=\"1003\" data-end=\"1062\">l\u2019exploration de <strong data-start=\"1020\" data-end=\"1061\">rituels, soins et voyages chamaniques<\/strong>,<\/p>\n<\/li>\n<li data-start=\"1063\" data-end=\"1121\">\n<p data-start=\"1065\" data-end=\"1121\">et une <strong data-start=\"1072\" data-end=\"1098\">c\u00e9r\u00e9monie de naissance<\/strong> de votre \u00catre profond.<\/p>\n<\/li>\n<\/ul>\n<p class=\"cvGsUA direction-ltr align-center para-style-body\">R\u00e8glement complet pour la r\u00e9servation de ma place et h\u00e9bergement au stage de formation \u00ab\u00a0NAISSANCE CHAMANIQUE\u00a0\u00bb<\/p>\n","protected":false},"featured_media":2053,"comment_status":"open","ping_status":"closed","template":"","meta":{"site-sidebar-layout":"default","site-content-layout":"","ast-site-content-layout":"default","site-content-style":"default","site-sidebar-style":"default","ast-global-header-display":"","ast-banner-title-visibility":"","ast-main-header-display":"","ast-hfb-above-header-display":"","ast-hfb-below-header-display":"","ast-hfb-mobile-header-display":"","site-post-title":"","ast-breadcrumbs-content":"","ast-featured-img":"","footer-sml-layout":"","theme-transparent-header-meta":"default","adv-header-id-meta":"","stick-header-meta":"","header-above-stick-meta":"","header-main-stick-meta":"","header-below-stick-meta":"","astra-migrate-meta-layouts":"set","ast-page-background-enabled":"default","ast-page-background-meta":{"desktop":{"background-color":"var(--ast-global-color-4)","background-image":"","background-repeat":"repeat","background-position":"center center","background-size":"auto","background-attachment":"scroll","background-type":"","background-media":"","overlay-type":"","overlay-color":"","overlay-opacity":"","overlay-gradient":""},"tablet":{"background-color":"","background-image":"","background-repeat":"repeat","background-position":"center center","background-size":"auto","background-attachment":"scroll","background-type":"","background-media":"","overlay-type":"","overlay-color":"","overlay-opacity":"","overlay-gradient":""},"mobile":{"background-color":"","background-image":"","background-repeat":"repeat","background-position":"center center","background-size":"auto","background-attachment":"scroll","background-type":"","background-media":"","overlay-type":"","overlay-color":"","overlay-opacity":"","overlay-gradient":""}},"ast-content-background-meta":{"desktop":{"background-color":"var(--ast-global-color-5)","background-image":"","background-repeat":"repeat","background-position":"center center","background-size":"auto","background-attachment":"scroll","background-type":"","background-media":"","overlay-type":"","overlay-color":"","overlay-opacity":"","overlay-gradient":""},"tablet":{"background-color":"var(--ast-global-color-5)","background-image":"","background-repeat":"repeat","background-position":"center center","background-size":"auto","background-attachment":"scroll","background-type":"","background-media":"","overlay-type":"","overlay-color":"","overlay-opacity":"","overlay-gradient":""},"mobile":{"background-color":"var(--ast-global-color-5)","background-image":"","background-repeat":"repeat","background-position":"center center","background-size":"auto","background-attachment":"scroll","background-type":"","background-media":"","overlay-type":"","overlay-color":"","overlay-opacity":"","overlay-gradient":""}}},"product_brand":[],"product_cat":[26],"product_tag":[],"class_list":{"0":"post-2360","1":"product","2":"type-product","3":"status-publish","4":"has-post-thumbnail","6":"product_cat-prestation","7":"desktop-align-left","8":"tablet-align-left","9":"mobile-align-left","11":"first","12":"instock","13":"virtual","14":"purchasable","15":"product-type-simple"},"_links":{"self":[{"href":"https:\/\/cedricmabyre.com\/index.php\/wp-json\/wp\/v2\/product\/2360","targetHints":{"allow":["GET"]}}],"collection":[{"href":"https:\/\/cedricmabyre.com\/index.php\/wp-json\/wp\/v2\/product"}],"about":[{"href":"https:\/\/cedricmabyre.com\/index.php\/wp-json\/wp\/v2\/types\/product"}],"replies":[{"embeddable":true,"href":"https:\/\/cedricmabyre.com\/index.php\/wp-json\/wp\/v2\/comments?post=2360"}],"wp:featuredmedia":[{"embeddable":true,"href":"https:\/\/cedricmabyre.com\/index.php\/wp-json\/wp\/v2\/media\/2053"}],"wp:attachment":[{"href":"https:\/\/cedricmabyre.com\/index.php\/wp-json\/wp\/v2\/media?parent=2360"}],"wp:term":[{"taxonomy":"product_brand","embeddable":true,"href":"https:\/\/cedricmabyre.com\/index.php\/wp-json\/wp\/v2\/product_brand?post=2360"},{"taxonomy":"product_cat","embeddable":true,"href":"https:\/\/cedricmabyre.com\/index.php\/wp-json\/wp\/v2\/product_cat?post=2360"},{"taxonomy":"product_tag","embeddable":true,"href":"https:\/\/cedricmabyre.com\/index.php\/wp-json\/wp\/v2\/product_tag?post=2360"}],"curies":[{"name":"wp","href":"https:\/\/api.w.org\/{rel}","templated":true}]}}